{"id":2302,"date":"2024-11-01T08:14:36","date_gmt":"2024-11-01T08:14:36","guid":{"rendered":"https:\/\/lespeupliersloire.com\/?page_id=2302"},"modified":"2026-03-06T03:42:34","modified_gmt":"2026-03-06T03:42:34","slug":"le-mans-chinon-classic-car-race","status":"publish","type":"page","link":"https:\/\/lespeupliersloire.com\/fr\/discover-the-local-area\/le-mans-chinon-classic-car-race\/","title":{"rendered":"Venez visiter les courses de voitures classiques du Mans et de Chinon"},"content":{"rendered":"<div class=\"wp-block-cover alignfull\" style=\"padding-right:4vw;padding-bottom:2vh;padding-left:4vw;min-height:464px;aspect-ratio:unset;\"><img data-recalc-dims=\"1\" decoding=\"async\" width=\"978\" height=\"510\" data-attachment-id=\"3298\" data-permalink=\"https:\/\/lespeupliersloire.com\/fr\/discover-the-local-area\/le-mans-chinon-classic-car-race\/screenshot-2024-12-19-at-09-13-15\/\" data-orig-file=\"https:\/\/i0.wp.com\/lespeupliersloire.com\/wp-content\/uploads\/2024\/12\/Screenshot-2024-12-19-at-09.13.15.png?fit=978%2C510&amp;ssl=1\" data-orig-size=\"978,510\" data-comments-opened=\"1\" data-image-meta=\"{&quot;aperture&quot;:&quot;0&quot;,&quot;credit&quot;:&quot;&quot;,&quot;camera&quot;:&quot;&quot;,&quot;caption&quot;:&quot;&quot;,&quot;created_timestamp&quot;:&quot;0&quot;,&quot;copyright&quot;:&quot;&quot;,&quot;focal_length&quot;:&quot;0&quot;,&quot;iso&quot;:&quot;0&quot;,&quot;shutter_speed&quot;:&quot;0&quot;,&quot;title&quot;:&quot;&quot;,&quot;orientation&quot;:&quot;0&quot;}\" data-image-title=\"Experience the thrills of Le Mans\" data-image-description=\"&lt;p&gt;Just an hour\u2019s drive from Les Peupliers B&amp;#038;B, Le Mans offers the thrilling experience of the world-famous 24 Hours of Le Mans race every June\u2014an event that\u2019s sure to get your adrenaline pumping.&lt;br \/&gt;For classic car enthusiasts, don\u2019t miss the annual Chinon Classic Car race, where vintage cars are on display.&lt;\/p&gt;\" data-image-caption=\"&lt;p&gt;Experience the thrills of Le Mans&lt;\/p&gt;\" data-medium-file=\"https:\/\/i0.wp.com\/lespeupliersloire.com\/wp-content\/uploads\/2024\/12\/Screenshot-2024-12-19-at-09.13.15.png?fit=300%2C156&amp;ssl=1\" data-large-file=\"https:\/\/i0.wp.com\/lespeupliersloire.com\/wp-content\/uploads\/2024\/12\/Screenshot-2024-12-19-at-09.13.15.png?fit=978%2C510&amp;ssl=1\" class=\"wp-block-cover__image-background wp-image-3298 size-full lazyload\" alt=\"\" data-src=\"https:\/\/i0.wp.com\/lespeupliersloire.com\/wp-content\/uploads\/2024\/12\/Screenshot-2024-12-19-at-09.13.15.png?resize=978%2C510&#038;ssl=1\" data-object-fit=\"cover\" src=\"data:image\/svg+xml;base64,PHN2ZyB3aWR0aD0iMSIgaGVpZ2h0PSIxIiB4bWxucz0iaHR0cDovL3d3dy53My5vcmcvMjAwMC9zdmciPjwvc3ZnPg==\" style=\"--smush-placeholder-width: 978px; --smush-placeholder-aspect-ratio: 978\/510;\" \/><span aria-hidden=\"true\" class=\"wp-block-cover__background has-background-dim-30 has-background-dim\" style=\"background-color:#948f84\"><\/span><div class=\"wp-block-cover__inner-container has-global-padding is-layout-constrained wp-container-core-cover-is-layout-361bb6c2 wp-block-cover-is-layout-constrained\">\n<p class=\"has-text-align-center has-large-font-size wp-block-paragraph\"><\/p>\n<\/div><\/div>\n\n\n\n<div class=\"wp-block-group alignfull has-custom-color-1-color has-text-color has-background has-link-color wp-elements-a6ed5eaa31a5f38b45735575a86e4606 has-global-padding is-content-justification-center is-layout-constrained wp-container-core-group-is-layout-97ce6cd5 wp-block-group-is-layout-constrained\" style=\"background-color:#faf9f8;margin-top:0;margin-bottom:0;padding-top:calc( 0.5 * var(u002du002dwpu002du002dstyleu002du002drootu002du002dpadding-right, var(u002du002dwpu002du002dcustomu002du002dgapu002du002dhorizontal)));padding-right:var(u002du002dwpu002du002dstyleu002du002drootu002du002dpadding-right, var(u002du002dwpu002du002dcustomu002du002dgapu002du002dhorizontal));padding-bottom:calc( 0.5 * var(u002du002dwpu002du002dstyleu002du002drootu002du002dpadding-right, var(u002du002dwpu002du002dcustomu002du002dgapu002du002dhorizontal)));padding-left:var(u002du002dwpu002du002dstyleu002du002drootu002du002dpadding-left, var(u002du002dwpu002du002dcustomu002du002dgapu002du002dhorizontal))\">\n<div style=\"height:23px\" aria-hidden=\"true\" class=\"wp-block-spacer\"><\/div>\n\n\n\n<p class=\"wp-block-paragraph\">Les Peupliers se trouvent \u00e0 une heure du c\u00e9l\u00e8bre circuit automobile du Mans, o\u00f9 se d\u00e9roulent chaque ann\u00e9e en juin les 24 heures du Mans. Cet \u00e9v\u00e9nement, qui reste l'une des courses automobiles les plus prestigieuses au monde, a \u00e9t\u00e9 cr\u00e9\u00e9 en 1923 et les coureurs peuvent atteindre des vitesses allant jusqu'\u00e0 350 km\/h !<\/p>\n\n\n\n<p class=\"wp-block-paragraph\">Si vous souhaitez d\u00e9couvrir la piste, vous pouvez participer \u00e0 une journ\u00e9e sur le circuit Bugatti. Il s'agit d'un circuit permanent de 2,7 miles qui englobe une partie du grand circuit d'endurance de 24 heures, y compris la c\u00e9l\u00e8bre chicane Ford, le complexe des stands et la ligne droite o\u00f9 se trouve le pont Dunlop Tyres.<\/p>\n\n\n\n<p class=\"wp-block-paragraph\">Vous trouverez ci-dessous plus d'informations sur Le Mans et sur la course de voitures classiques de Chinon.<\/p>\n\n\n\n<div class=\"wp-block-group alignfull has-global-padding is-content-justification-center is-layout-constrained wp-block-group-is-layout-constrained\" style=\"margin-top:0;margin-bottom:0\">\n<div style=\"height:var(--wp--preset--spacing--40)\" aria-hidden=\"true\" class=\"wp-block-spacer\"><\/div>\n\n\n\n<div class=\"wp-block-columns alignwide are-vertically-aligned-center is-layout-flex wp-container-core-columns-is-layout-f56f613f wp-block-columns-is-layout-flex\">\n<div class=\"wp-block-column is-vertically-aligned-center is-layout-flow wp-block-column-is-layout-flow\">\n<figure class=\"wp-block-image size-full\"><img data-recalc-dims=\"1\" decoding=\"async\" width=\"708\" height=\"446\" data-attachment-id=\"3300\" data-permalink=\"https:\/\/lespeupliersloire.com\/fr\/discover-the-local-area\/le-mans-chinon-classic-car-race\/screenshot-2024-12-19-at-09-14-59\/\" data-orig-file=\"https:\/\/i0.wp.com\/lespeupliersloire.com\/wp-content\/uploads\/2024\/12\/Screenshot-2024-12-19-at-09.14.59.png?fit=708%2C446&amp;ssl=1\" data-orig-size=\"708,446\" data-comments-opened=\"1\" data-image-meta=\"{&quot;aperture&quot;:&quot;0&quot;,&quot;credit&quot;:&quot;&quot;,&quot;camera&quot;:&quot;&quot;,&quot;caption&quot;:&quot;&quot;,&quot;created_timestamp&quot;:&quot;0&quot;,&quot;copyright&quot;:&quot;&quot;,&quot;focal_length&quot;:&quot;0&quot;,&quot;iso&quot;:&quot;0&quot;,&quot;shutter_speed&quot;:&quot;0&quot;,&quot;title&quot;:&quot;&quot;,&quot;orientation&quot;:&quot;0&quot;}\" data-image-title=\"Screenshot 2024-12-19 at 09.14.59\" data-image-description=\"\" data-image-caption=\"\" data-medium-file=\"https:\/\/i0.wp.com\/lespeupliersloire.com\/wp-content\/uploads\/2024\/12\/Screenshot-2024-12-19-at-09.14.59.png?fit=300%2C189&amp;ssl=1\" data-large-file=\"https:\/\/i0.wp.com\/lespeupliersloire.com\/wp-content\/uploads\/2024\/12\/Screenshot-2024-12-19-at-09.14.59.png?fit=708%2C446&amp;ssl=1\" data-src=\"https:\/\/i0.wp.com\/lespeupliersloire.com\/wp-content\/uploads\/2024\/12\/Screenshot-2024-12-19-at-09.14.59.png?resize=708%2C446&#038;ssl=1\" alt=\"\" class=\"wp-image-3300 lazyload\" style=\"--smush-placeholder-width: 708px; --smush-placeholder-aspect-ratio: 708\/446;aspect-ratio:1;object-fit:cover\" src=\"data:image\/svg+xml;base64,PHN2ZyB3aWR0aD0iMSIgaGVpZ2h0PSIxIiB4bWxucz0iaHR0cDovL3d3dy53My5vcmcvMjAwMC9zdmciPjwvc3ZnPg==\" \/><\/figure>\n<\/div>\n\n\n\n<div class=\"wp-block-column is-vertically-aligned-center is-layout-flow wp-block-column-is-layout-flow\">\n<h2 class=\"wp-block-heading alignwide\">Le Mans<\/h2>\n\n\n\n<p class=\"wp-block-paragraph\">Les Peupliers se trouvent \u00e0 une heure du c\u00e9l\u00e8bre circuit automobile du Mans, o\u00f9 se d\u00e9roule la course de l'\u00e9quipe de France.<a href=\"https:\/\/www.24h-lemans.com\"><em>Les 24 heures du Mans<\/em><\/a>La comp\u00e9tition d'endurance automobile se d\u00e9roule chaque ann\u00e9e au mois de juin. Cette \u00e9preuve, qui reste l'une des plus prestigieuses courses automobiles au monde, a \u00e9t\u00e9 cr\u00e9\u00e9e en 1923 et les coureurs peuvent atteindre des vitesses allant jusqu'\u00e0 350 km\/h !<\/p>\n\n\n\n<p class=\"wp-block-paragraph\">60 voitures de comp\u00e9tition r\u00e9parties dans plusieurs cat\u00e9gories diff\u00e9rentes participent \u00e0 l'\u00e9v\u00e9nement, notamment des prototypes et des voitures de route de type Grand Touring Endurance, et de nombreuses activit\u00e9s sont organis\u00e9es tout au long de la semaine.<\/p>\n\n\n\n<p class=\"wp-block-paragraph\">Si vous souhaitez d\u00e9couvrir la piste, vous pouvez participer \u00e0 une journ\u00e9e sur le circuit Bugatti. Il s'agit d'un circuit permanent de 2,7 miles qui englobe une partie du grand circuit d'endurance de 24 heures, y compris la c\u00e9l\u00e8bre chicane Ford, le complexe des stands et la ligne droite o\u00f9 se trouve le pont Dunlop Tyres.<\/p>\n<\/div>\n<\/div>\n\n\n\n<div style=\"height:0px\" aria-hidden=\"true\" class=\"wp-block-spacer\"><\/div>\n<\/div>\n\n\n\n<div class=\"wp-block-group alignfull has-global-padding is-content-justification-center is-layout-constrained wp-block-group-is-layout-constrained\" style=\"margin-top:0;margin-bottom:0\">\n<div style=\"height:var(--wp--preset--spacing--40)\" aria-hidden=\"true\" class=\"wp-block-spacer\"><\/div>\n\n\n\n<div class=\"wp-block-columns alignwide is-layout-flex wp-container-core-columns-is-layout-f56f613f wp-block-columns-is-layout-flex\">\n<div class=\"wp-block-column is-vertically-aligned-center is-layout-flow wp-block-column-is-layout-flow\">\n<h2 class=\"wp-block-heading\">Course de voitures classiques de Chinon<\/h2>\n\n\n\n<p class=\"wp-block-paragraph\">La course de voitures classiques de Chinon fait partie de l'\u00e9v\u00e9nement \"Chinon Classic Car Race\". <a href=\"https:\/\/classicgt.co.uk\"><em>Grand tourisme classique<\/em><\/a>. <\/p>\n\n\n\n<p class=\"wp-block-paragraph\">Chaque ann\u00e9e au mois de juin, des voitures classiques font la course dans les rues de la ville. C'est l'occasion pour les participants et les spectateurs d'admirer une grande vari\u00e9t\u00e9 de voitures classiques. <\/p>\n\n\n\n<p class=\"wp-block-paragraph\">Apparemment, il s'agit de l'une des plus grandes courses automobiles de ce type en France, qui attirerait entre 200 et 300 voitures.  Il est possible de se promener parmi les fantastiques voitures classiques et de discuter avec les propri\u00e9taires.<\/p>\n\n\n\n<p class=\"wp-block-paragraph\">Situ\u00e9 \u00e0 seulement 25 minutes de Les Peupliers, cet \u00e9v\u00e9nement est une journ\u00e9e amusante, que vous soyez ou non un passionn\u00e9 de voitures. <\/p>\n<\/div>\n\n\n\n<div class=\"wp-block-column is-vertically-aligned-bottom is-layout-flow wp-block-column-is-layout-flow\">\n<figure class=\"wp-block-image size-full\"><img data-recalc-dims=\"1\" decoding=\"async\" width=\"1534\" height=\"850\" data-attachment-id=\"795\" data-permalink=\"https:\/\/lespeupliersloire.com\/fr\/discover-the-local-area\/screenshot-2024-09-09-at-17-24-26\/\" data-orig-file=\"https:\/\/i0.wp.com\/lespeupliersloire.com\/wp-content\/uploads\/2024\/09\/screenshot-2024-09-09-at-17.24.26.png?fit=1534%2C850&amp;ssl=1\" data-orig-size=\"1534,850\" data-comments-opened=\"1\" data-image-meta=\"{&quot;aperture&quot;:&quot;0&quot;,&quot;credit&quot;:&quot;&quot;,&quot;camera&quot;:&quot;&quot;,&quot;caption&quot;:&quot;&quot;,&quot;created_timestamp&quot;:&quot;0&quot;,&quot;copyright&quot;:&quot;&quot;,&quot;focal_length&quot;:&quot;0&quot;,&quot;iso&quot;:&quot;0&quot;,&quot;shutter_speed&quot;:&quot;0&quot;,&quot;title&quot;:&quot;&quot;,&quot;orientation&quot;:&quot;0&quot;}\" data-image-title=\"Screenshot 2024-09-09 at 17.24.26\" data-image-description=\"\" data-image-caption=\"\" data-medium-file=\"https:\/\/i0.wp.com\/lespeupliersloire.com\/wp-content\/uploads\/2024\/09\/screenshot-2024-09-09-at-17.24.26.png?fit=300%2C166&amp;ssl=1\" data-large-file=\"https:\/\/i0.wp.com\/lespeupliersloire.com\/wp-content\/uploads\/2024\/09\/screenshot-2024-09-09-at-17.24.26.png?fit=1024%2C567&amp;ssl=1\" data-src=\"https:\/\/i0.wp.com\/lespeupliersloire.com\/wp-content\/uploads\/2024\/09\/screenshot-2024-09-09-at-17.24.26.png?resize=1534%2C850&#038;ssl=1\" alt=\"\" class=\"wp-image-795 lazyload\" style=\"--smush-placeholder-width: 1534px; --smush-placeholder-aspect-ratio: 1534\/850;aspect-ratio:1;object-fit:cover\" src=\"data:image\/svg+xml;base64,PHN2ZyB3aWR0aD0iMSIgaGVpZ2h0PSIxIiB4bWxucz0iaHR0cDovL3d3dy53My5vcmcvMjAwMC9zdmciPjwvc3ZnPg==\" \/><\/figure>\n<\/div>\n<\/div>\n\n\n\n<div style=\"height:var(--wp--preset--spacing--40)\" aria-hidden=\"true\" class=\"wp-block-spacer\"><\/div>\n<\/div>\n<\/div>\n\n\n\n<div class=\"wp-block-group alignfull has-custom-color-1-color has-text-color has-background has-link-color wp-elements-ca6082ae64431add225a6403ba6e9a91 has-global-padding is-content-justification-center is-layout-constrained wp-container-core-group-is-layout-97ce6cd5 wp-block-group-is-layout-constrained\" style=\"background-color:#faf9f8;margin-top:0;margin-bottom:0;padding-top:calc( 0.5 * var(u002du002dwpu002du002dstyleu002du002drootu002du002dpadding-right, var(u002du002dwpu002du002dcustomu002du002dgapu002du002dhorizontal)));padding-right:var(u002du002dwpu002du002dstyleu002du002drootu002du002dpadding-right, var(u002du002dwpu002du002dcustomu002du002dgapu002du002dhorizontal));padding-bottom:calc( 0.5 * var(u002du002dwpu002du002dstyleu002du002drootu002du002dpadding-right, var(u002du002dwpu002du002dcustomu002du002dgapu002du002dhorizontal)));padding-left:var(u002du002dwpu002du002dstyleu002du002drootu002du002dpadding-left, var(u002du002dwpu002du002dcustomu002du002dgapu002du002dhorizontal))\">\n<div style=\"height:calc( 0.25 * var(--wp--style--root--padding-right, var(--wp--custom--gap--horizontal)))\" aria-hidden=\"true\" class=\"wp-block-spacer\"><\/div>\n<\/div>\n\n\n\n<p class=\"wp-block-paragraph\"><\/p>","protected":false},"excerpt":{"rendered":"<p>Les Peupliers is just an hour away from the famous Le Mans race track where the &#8217;24 Hours of Le Mans&#8217; endurance car competition takes place every June. This event, which remains one of the most prestigious motor races in the world, was created in 1923 and racers can achieve speeds of up to 350km\/h! [&hellip;]<\/p>\n","protected":false},"author":255098993,"featured_media":0,"parent":187,"menu_order":0,"comment_status":"closed","ping_status":"closed","template":"main-pages","meta":{"_crdt_document":"","advanced_seo_description":"Stay at Les Peupliers Loire for the Le Mans 24 Hours or Chinon Classic Car Race. Our adults-only Loire Valley B&B is perfectly placed for motorsport enthusiasts.","jetpack_seo_html_title":"Le Mans & Chinon Classic Car Races | Les Peupliers Loire","jetpack_seo_noindex":false,"footnotes":""},"class_list":["post-2302","page","type-page","status-publish","hentry"],"jetpack_shortlink":"https:\/\/wp.me\/Pg0Cru-B8","jetpack-related-posts":[],"jetpack_sharing_enabled":true,"_links":{"self":[{"href":"https:\/\/lespeupliersloire.com\/fr\/wp-json\/wp\/v2\/pages\/2302","targetHints":{"allow":["GET"]}}],"collection":[{"href":"https:\/\/lespeupliersloire.com\/fr\/wp-json\/wp\/v2\/pages"}],"about":[{"href":"https:\/\/lespeupliersloire.com\/fr\/wp-json\/wp\/v2\/types\/page"}],"author":[{"embeddable":true,"href":"https:\/\/lespeupliersloire.com\/fr\/wp-json\/wp\/v2\/users\/255098993"}],"replies":[{"embeddable":true,"href":"https:\/\/lespeupliersloire.com\/fr\/wp-json\/wp\/v2\/comments?post=2302"}],"version-history":[{"count":16,"href":"https:\/\/lespeupliersloire.com\/fr\/wp-json\/wp\/v2\/pages\/2302\/revisions"}],"predecessor-version":[{"id":5313,"href":"https:\/\/lespeupliersloire.com\/fr\/wp-json\/wp\/v2\/pages\/2302\/revisions\/5313"}],"up":[{"embeddable":true,"href":"https:\/\/lespeupliersloire.com\/fr\/wp-json\/wp\/v2\/pages\/187"}],"wp:attachment":[{"href":"https:\/\/lespeupliersloire.com\/fr\/wp-json\/wp\/v2\/media?parent=2302"}],"curies":[{"name":"wp","href":"https:\/\/api.w.org\/{rel}","templated":true}]}}