{"id":445,"date":"2024-09-07T18:42:29","date_gmt":"2024-09-07T17:42:29","guid":{"rendered":"https:\/\/lespeupliersloire.com\/?page_id=445"},"modified":"2026-03-06T03:18:11","modified_gmt":"2026-03-06T03:18:11","slug":"our-very-warm-welcome","status":"publish","type":"page","link":"https:\/\/lespeupliersloire.com\/fr\/adults-only-bb-loire-valley-les-peupliers-loire\/our-very-warm-welcome\/","title":{"rendered":"S\u00e9jours de luxe aux Peupliers Loire : un accueil chaleureux vous attend"},"content":{"rendered":"<div class=\"wp-block-cover alignfull is-light wp-elements-a281f331bac6fa6af50e8fe20db209fc\" style=\"padding-right:4vw;padding-bottom:2vh;padding-left:4vw;min-height:464px;aspect-ratio:unset;\"><img data-recalc-dims=\"1\" decoding=\"async\" width=\"3024\" height=\"4032\" data-attachment-id=\"2727\" data-permalink=\"https:\/\/lespeupliersloire.com\/fr\/adults-only-bb-loire-valley-les-peupliers-loire\/our-warm-welcome\/\" data-orig-file=\"https:\/\/i0.wp.com\/lespeupliersloire.com\/wp-content\/uploads\/2024\/11\/Our-Warm-Welcome.jpg?fit=3024%2C4032&amp;ssl=1\" data-orig-size=\"3024,4032\" data-comments-opened=\"1\" data-image-meta=\"{&quot;aperture&quot;:&quot;1.6&quot;,&quot;credit&quot;:&quot;&quot;,&quot;camera&quot;:&quot;iPhone 12 mini&quot;,&quot;caption&quot;:&quot;&quot;,&quot;created_timestamp&quot;:&quot;1731172313&quot;,&quot;copyright&quot;:&quot;&quot;,&quot;focal_length&quot;:&quot;4.2&quot;,&quot;iso&quot;:&quot;160&quot;,&quot;shutter_speed&quot;:&quot;0.02&quot;,&quot;title&quot;:&quot;&quot;,&quot;orientation&quot;:&quot;1&quot;}\" data-image-title=\"\" data-image-description=\"&lt;p&gt;Upon arrival at Les Peupliers B&amp;#038;B, all our guests are warmly welcomed with a complimentary drink, making their first night even more special.&lt;\/p&gt;\" data-image-caption=\"&lt;p&gt;Enjoy the local cr\u00e9mants and wines&lt;\/p&gt;\" data-medium-file=\"https:\/\/i0.wp.com\/lespeupliersloire.com\/wp-content\/uploads\/2024\/11\/Our-Warm-Welcome.jpg?fit=225%2C300&amp;ssl=1\" data-large-file=\"https:\/\/i0.wp.com\/lespeupliersloire.com\/wp-content\/uploads\/2024\/11\/Our-Warm-Welcome.jpg?fit=768%2C1024&amp;ssl=1\" class=\"wp-block-cover__image-background wp-image-2727 lazyload\" alt=\"Upon arrival at Les Peupliers B&amp;B, all our guests are warmly welcomed with a complimentary drink, making their first night even more special.\" data-src=\"https:\/\/i0.wp.com\/lespeupliersloire.com\/wp-content\/uploads\/2024\/11\/Our-Warm-Welcome.jpg?resize=3024%2C4032&#038;ssl=1\" data-object-fit=\"cover\" src=\"data:image\/svg+xml;base64,PHN2ZyB3aWR0aD0iMSIgaGVpZ2h0PSIxIiB4bWxucz0iaHR0cDovL3d3dy53My5vcmcvMjAwMC9zdmciPjwvc3ZnPg==\" style=\"--smush-placeholder-width: 3024px; --smush-placeholder-aspect-ratio: 3024\/4032;\" \/><span aria-hidden=\"true\" class=\"wp-block-cover__background has-background-dim-0 has-background-dim\" style=\"background-color:#726e69\"><\/span><div class=\"wp-block-cover__inner-container has-global-padding is-layout-constrained wp-container-core-cover-is-layout-361bb6c2 wp-block-cover-is-layout-constrained\">\n<p class=\"has-text-align-center has-large-font-size wp-block-paragraph\"><\/p>\n<\/div><\/div>\n\n\n\n<div class=\"wp-block-group alignfull has-custom-color-1-color has-text-color has-background has-link-color wp-elements-6441c0c45ef2fd3302c3236419f271b0 has-global-padding is-content-justification-center is-layout-constrained wp-container-core-group-is-layout-7702c84b wp-block-group-is-layout-constrained\" style=\"background-color:#faf9f8;margin-top:0;margin-bottom:0;padding-top:calc( 0.5 * var(--wp--style--root--padding-right, var(--wp--custom--gap--horizontal)));padding-right:var(--wp--style--root--padding-right, var(--wp--custom--gap--horizontal));padding-bottom:calc( 0.5 * var(--wp--style--root--padding-right, var(--wp--custom--gap--horizontal)));padding-left:var(--wp--style--root--padding-left, var(--wp--custom--gap--horizontal))\">\n<div style=\"height:calc( 0.25 * var(--wp--style--root--padding-right, var(--wp--custom--gap--horizontal)))\" aria-hidden=\"true\" class=\"wp-block-spacer\"><\/div>\n\n\n\n<div class=\"wp-block-group alignwide has-global-padding is-layout-constrained wp-container-core-group-is-layout-3e84bdd8 wp-block-group-is-layout-constrained\">\n<h2 class=\"wp-block-heading has-large-font-size\">Nous pensons que vous devez vous sentir choy\u00e9 et accueilli chaque jour que vous passez chez nous<\/h2>\n\n\n\n<div style=\"height:22px\" aria-hidden=\"true\" class=\"wp-block-spacer\"><\/div>\n\n\n\n<div class=\"wp-block-columns alignwide is-layout-flex wp-container-core-columns-is-layout-f56f613f wp-block-columns-is-layout-flex\">\n<div class=\"wp-block-column is-layout-flow wp-block-column-is-layout-flow\" style=\"flex-basis:40%\">\n<h2 class=\"wp-block-heading has-large-font-size\">Avant votre arriv\u00e9e<\/h2>\n<\/div>\n\n\n\n<div class=\"wp-block-column is-layout-flow wp-block-column-is-layout-flow\">\n<p class=\"wp-block-paragraph\">Nous vous contacterons pour vous confirmer les dates et vous rappeler comment vous rendre chez nous. Si vous souhaitez d\u00eener avec nous ou participer \u00e0 une excursion \u00e0 v\u00e9lo, nous vous confirmerons les d\u00e9tails.<\/p>\n<\/div>\n<\/div>\n\n\n\n<hr class=\"wp-block-separator alignwide has-text-color has-alpha-channel-opacity has-background is-style-wide\" style=\"background-color:#4747471a;color:#4747471a\"\/>\n\n\n\n<div class=\"wp-block-columns alignwide is-layout-flex wp-container-core-columns-is-layout-f56f613f wp-block-columns-is-layout-flex\">\n<div class=\"wp-block-column is-layout-flow wp-block-column-is-layout-flow\" style=\"flex-basis:40%\">\n<h2 class=\"wp-block-heading has-large-font-size\">Boisson de bienvenue<\/h2>\n<\/div>\n\n\n\n<div class=\"wp-block-column is-layout-flow wp-block-column-is-layout-flow\">\n<p class=\"wp-block-paragraph\">Tous les h\u00f4tes se voient offrir une boisson \u00e0 leur arriv\u00e9e pour la premi\u00e8re nuit. Selon vos pr\u00e9f\u00e9rences, vous pouvez prendre un verre de vin, une bi\u00e8re, un jus de fruits frais, une tasse de th\u00e9 ou une tasse de caf\u00e9.<\/p>\n<\/div>\n<\/div>\n\n\n\n<hr class=\"wp-block-separator alignwide has-text-color has-alpha-channel-opacity has-background is-style-wide\" style=\"background-color:#4747471a;color:#4747471a\"\/>\n\n\n\n<div class=\"wp-block-columns alignwide is-layout-flex wp-container-core-columns-is-layout-f56f613f wp-block-columns-is-layout-flex\">\n<div class=\"wp-block-column is-layout-flow wp-block-column-is-layout-flow\" style=\"flex-basis:40%\">\n<h2 class=\"wp-block-heading has-large-font-size\">Enregistrement<\/h2>\n<\/div>\n\n\n\n<div class=\"wp-block-column is-layout-flow wp-block-column-is-layout-flow\">\n<p class=\"wp-block-paragraph\">L'enregistrement est possible entre 16h00 et 20h00.<\/p>\n<\/div>\n<\/div>\n\n\n\n<hr class=\"wp-block-separator alignwide has-text-color has-alpha-channel-opacity has-background is-style-wide\" style=\"background-color:#4747471a;color:#4747471a\"\/>\n\n\n\n<div class=\"wp-block-columns alignwide is-layout-flex wp-container-core-columns-is-layout-f56f613f wp-block-columns-is-layout-flex\">\n<div class=\"wp-block-column is-layout-flow wp-block-column-is-layout-flow\" style=\"flex-basis:40%\">\n<h2 class=\"wp-block-heading has-large-font-size\">Informations<\/h2>\n<\/div>\n\n\n\n<div class=\"wp-block-column is-layout-flow wp-block-column-is-layout-flow\">\n<p class=\"wp-block-paragraph\">Nous disposons de dossiers d'information sur les activit\u00e9s locales et si vous souhaitez avoir d'autres id\u00e9es, nous serons ravis de partager nos connaissances locales.<\/p>\n<\/div>\n<\/div>\n\n\n\n<hr class=\"wp-block-separator alignwide has-text-color has-alpha-channel-opacity has-background is-style-wide\" style=\"background-color:#4747471a;color:#4747471a\"\/>\n<\/div>\n<\/div>\n\n\n\n<div class=\"wp-block-group alignfull has-custom-color-1-color has-text-color has-background has-link-color wp-elements-e40575c32d9b08ebdbfee045d7214c37 has-global-padding is-content-justification-center is-layout-constrained wp-container-core-group-is-layout-7702c84b wp-block-group-is-layout-constrained\" style=\"background-color:#faf9f8;margin-top:0;margin-bottom:0;padding-top:calc( 0.5 * var(--wp--style--root--padding-right, var(--wp--custom--gap--horizontal)));padding-right:var(--wp--style--root--padding-right, var(--wp--custom--gap--horizontal));padding-bottom:calc( 0.5 * var(--wp--style--root--padding-right, var(--wp--custom--gap--horizontal)));padding-left:var(--wp--style--root--padding-left, var(--wp--custom--gap--horizontal))\">\n<div class=\"wp-block-group alignwide has-global-padding is-layout-constrained wp-container-core-group-is-layout-3e84bdd8 wp-block-group-is-layout-constrained\">\n<div class=\"wp-block-columns alignwide is-layout-flex wp-container-core-columns-is-layout-f56f613f wp-block-columns-is-layout-flex\">\n<div class=\"wp-block-column is-layout-flow wp-block-column-is-layout-flow\" style=\"flex-basis:40%\">\n<h2 class=\"wp-block-heading has-large-font-size\">Check-out<\/h2>\n<\/div>\n\n\n\n<div class=\"wp-block-column is-layout-flow wp-block-column-is-layout-flow\">\n<p class=\"wp-block-paragraph\">Le jour du d\u00e9part, le check-out doit \u00eatre effectu\u00e9 avant 10h30. Nous nous r\u00e9jouissons toujours de revoir nos clients.&nbsp;<\/p>\n<\/div>\n<\/div>\n\n\n\n<hr class=\"wp-block-separator alignwide has-text-color has-alpha-channel-opacity has-background is-style-wide\" style=\"background-color:#4747471a;color:#4747471a\"\/>\n<\/div>\n<\/div>\n\n\n\n<div class=\"wp-block-group alignfull has-custom-color-1-color has-text-color has-background has-link-color wp-elements-f259af52972d69385164b0de82df87d6 has-global-padding is-content-justification-center is-layout-constrained wp-container-core-group-is-layout-7702c84b wp-block-group-is-layout-constrained\" style=\"background-color:#faf9f8;margin-top:0;margin-bottom:0;padding-top:calc( 0.5 * var(--wp--style--root--padding-right, var(--wp--custom--gap--horizontal)));padding-right:var(--wp--style--root--padding-right, var(--wp--custom--gap--horizontal));padding-bottom:calc( 0.5 * var(--wp--style--root--padding-right, var(--wp--custom--gap--horizontal)));padding-left:var(--wp--style--root--padding-left, var(--wp--custom--gap--horizontal))\">\n<h2 class=\"wp-block-heading\">Notre emplacement<\/h2>\n\n\n\n<p class=\"has-text-align-center is-contact-address wp-block-paragraph\">Les Peupliers, 2 Rue de Montauron<br>49730, Varennes-Sur-Loire<\/p>\n\n\n\n<div style=\"height:calc( 0.25 * var(--wp--style--root--padding-right, var(--wp--custom--gap--horizontal)))\" aria-hidden=\"true\" class=\"wp-block-spacer\"><\/div>\n\n\n\n<div class=\"wp-block-group alignwide is-layout-flow wp-block-group-is-layout-flow\">\n<div class=\"wp-block-jetpack-map alignfull is-style-black_and_white\" data-map-id=\"jp-map-1\" data-map-provider=\"mapkit\" data-api-key=\"pk.eyJ1IjoiYXV0b21hdHRpYyIsImEiOiJjazVpZjA5aWswYTFvM21sOWtzNW1rNG9lIn0.Gu-sp4wRxnnQB-Qa8CpuZQ\" data-map-style=\"black_and_white\" data-blog-id=\"236569152\"><ul><li><a href=\"https:\/\/www.google.com\/maps\/search\/?api=1&amp;query=47.2526201,0.066991\">2 Rue de Montauron, 49730 Varennes-sur-Loire, France<\/a><\/li><\/ul><\/div>\n<\/div>\n\n\n\n<div style=\"height:calc( 0.25 * var(--wp--style--root--padding-right, var(--wp--custom--gap--horizontal)))\" aria-hidden=\"true\" class=\"wp-block-spacer\"><\/div>\n<\/div>\n\n\n\n<p class=\"wp-block-paragraph\"><\/p>","protected":false},"excerpt":{"rendered":"<p>Our Very Warm Welcome at Les Peupliers Loire<\/p>\n<p>At Les Peupliers Loire, an adult-only luxury B&#038;B in the heart of the Loire Valley, we provide a warm and personalised welcome to all our guests. Whether you&#8217;re exploring the region&#8217;s famous chateaux or enjoying local vineyards, we are dedicated to ensuring a relaxing and memorable stay. With spacious, comfortable rooms and modern amenities, we offer the perfect retreat for couples and solo travelers alike. Experience exceptional service, tranquility, and the charm of the Loire Valley, all while feeling at home during your stay with us at Les Peupliers Loire.<\/p>","protected":false},"author":255098993,"featured_media":0,"parent":405,"menu_order":1,"comment_status":"closed","ping_status":"closed","template":"main-pages","meta":{"_crdt_document":"","advanced_seo_description":"From your welcome drink on arrival to breakfast each morning, discover what to expect during your stay at our adults-only Loire Valley B&B between Saumur and Chinon.","jetpack_seo_html_title":"Your Stay at Les Peupliers Loire | Check-In & Welcome","jetpack_seo_noindex":false,"footnotes":""},"class_list":["post-445","page","type-page","status-publish","hentry"],"jetpack_shortlink":"https:\/\/wp.me\/Pg0Cru-7b","jetpack-related-posts":[],"jetpack_sharing_enabled":true,"_links":{"self":[{"href":"https:\/\/lespeupliersloire.com\/fr\/wp-json\/wp\/v2\/pages\/445","targetHints":{"allow":["GET"]}}],"collection":[{"href":"https:\/\/lespeupliersloire.com\/fr\/wp-json\/wp\/v2\/pages"}],"about":[{"href":"https:\/\/lespeupliersloire.com\/fr\/wp-json\/wp\/v2\/types\/page"}],"author":[{"embeddable":true,"href":"https:\/\/lespeupliersloire.com\/fr\/wp-json\/wp\/v2\/users\/255098993"}],"replies":[{"embeddable":true,"href":"https:\/\/lespeupliersloire.com\/fr\/wp-json\/wp\/v2\/comments?post=445"}],"version-history":[{"count":35,"href":"https:\/\/lespeupliersloire.com\/fr\/wp-json\/wp\/v2\/pages\/445\/revisions"}],"predecessor-version":[{"id":5301,"href":"https:\/\/lespeupliersloire.com\/fr\/wp-json\/wp\/v2\/pages\/445\/revisions\/5301"}],"up":[{"embeddable":true,"href":"https:\/\/lespeupliersloire.com\/fr\/wp-json\/wp\/v2\/pages\/405"}],"wp:attachment":[{"href":"https:\/\/lespeupliersloire.com\/fr\/wp-json\/wp\/v2\/media?parent=445"}],"curies":[{"name":"wp","href":"https:\/\/api.w.org\/{rel}","templated":true}]}}